{"id":734,"date":"2023-09-12T16:44:00","date_gmt":"2023-09-12T14:44:00","guid":{"rendered":"https:\/\/new.scuolascichampoluc.com\/contatti\/"},"modified":"2025-04-22T17:05:30","modified_gmt":"2025-04-22T15:05:30","slug":"contacts","status":"publish","type":"page","link":"https:\/\/scuolascichampoluc.com\/fr\/contacts\/","title":{"rendered":"Contacts"},"content":{"rendered":"\n<div class=\"wp-block-columns is-layout-flex wp-container-core-columns-is-layout-9d6595d7 wp-block-columns-is-layout-flex\">\n<div class=\"wp-block-column is-layout-flow wp-block-column-is-layout-flow\" style=\"flex-basis:70%\">\n<h2 class=\"wp-block-heading\">A votre service pour tout renseignement<\/h2>\n\n\n\n<p class=\"has-large-font-size\">Contactez-nous par t\u00e9l\u00e9phone au <a href=\"tel:0125307194\">0125.307194<\/a> &#8211; <a href=\"tel:3425748943\">342.5748943<\/a> <br>ou par email <a href=\"mailto:info@scuolascichampoluc.com\">info@scuolascichampoluc.com<\/a><\/p>\n\n\n\n<!-- <p>Vous pouvez \u00e9galement venir nous rendre visite dans nos 2 bureaux op\u00e9rationnels o\u00f9 vous trouverez des personnes \u00e0 votre enti\u00e8re disposition pour vous donner des conseils utiles pour vos vacances.<\/p> -->\n\n\n\n<!-- <p class=\"has-large-font-size\"><strong>JUSQU'AU 6 DECEMBRE:<\/strong> au d\u00e9part de la t\u00e9l\u00e9cabine du Crest ouvert tous les jours de 9h30 \u00e0 12h30 et de 15h \u00e0 18h<\/p> -->\n\n\n\n<!-- <p class=\"has-large-font-size\"><strong>Champoluc<\/strong>: au d\u00e9part du t\u00e9l\u00e9ph\u00e9rique vers le Crest il est ouvert tous les jours de 8h45 \u00e0 12h00 et de 15h00 \u00e0 18h30.<\/p> -->\n\n\n\n<!-- <p class=\"has-large-font-size\"><strong>Crest:<\/strong>&nbsp;il est situ\u00e9 \u00e0 l'arriv\u00e9e du premier t\u00e9l\u00e9ph\u00e9rique, juste en face du Baby Snow Park et est ouvert de 8h45 \u00e0 16h00 sans interruption.<\/p> -->\n<\/div>\n<\/div>\n","protected":false},"excerpt":{"rendered":"<p>A votre service pour tout renseignement Contactez-nous par t\u00e9l\u00e9phone au 0125.307194 &#8211; 342.5748943 ou par email info@scuolascichampoluc.com<\/p>\n","protected":false},"author":1,"featured_media":0,"parent":0,"menu_order":0,"comment_status":"closed","ping_status":"closed","template":"","meta":{"_acf_changed":false,"footnotes":""},"class_list":["post-734","page","type-page","status-publish","hentry"],"acf":[],"_links":{"self":[{"href":"https:\/\/scuolascichampoluc.com\/fr\/wp-json\/wp\/v2\/pages\/734","targetHints":{"allow":["GET"]}}],"collection":[{"href":"https:\/\/scuolascichampoluc.com\/fr\/wp-json\/wp\/v2\/pages"}],"about":[{"href":"https:\/\/scuolascichampoluc.com\/fr\/wp-json\/wp\/v2\/types\/page"}],"author":[{"embeddable":true,"href":"https:\/\/scuolascichampoluc.com\/fr\/wp-json\/wp\/v2\/users\/1"}],"replies":[{"embeddable":true,"href":"https:\/\/scuolascichampoluc.com\/fr\/wp-json\/wp\/v2\/comments?post=734"}],"version-history":[{"count":6,"href":"https:\/\/scuolascichampoluc.com\/fr\/wp-json\/wp\/v2\/pages\/734\/revisions"}],"predecessor-version":[{"id":1216,"href":"https:\/\/scuolascichampoluc.com\/fr\/wp-json\/wp\/v2\/pages\/734\/revisions\/1216"}],"wp:attachment":[{"href":"https:\/\/scuolascichampoluc.com\/fr\/wp-json\/wp\/v2\/media?parent=734"}],"curies":[{"name":"wp","href":"https:\/\/api.w.org\/{rel}","templated":true}]}}