{"id":740,"date":"2023-11-01T09:29:40","date_gmt":"2023-11-01T08:29:40","guid":{"rendered":"https:\/\/new.scuolascichampoluc.com\/cookie-policy\/"},"modified":"2023-12-12T14:18:37","modified_gmt":"2023-12-12T13:18:37","slug":"cookie-policy","status":"publish","type":"page","link":"https:\/\/scuolascichampoluc.com\/fr\/cookie-policy\/","title":{"rendered":"Cookie Policy"},"content":{"rendered":"\n<p>Ceci est la politique en mati\u00e8re de cookies de\u00a0Scuola Sci Champoluc, accessible depuis\u00a0<strong>www.scuolascichampoluc.com<\/strong><\/p>\n\n\n\n<h3 class=\"wp-block-heading\">Que sont les cookies<\/h3>\n\n\n\n<p>Comme c&#8217;est une pratique courante sur presque tous les sites Web professionnels, ce site utilise des cookies, qui sont de petits fichiers t\u00e9l\u00e9charg\u00e9s sur votre ordinateur, pour am\u00e9liorer votre exp\u00e9rience. Cette page d\u00e9crit les informations qu&#8217;ils collectent, comment nous les utilisons et pourquoi nous devons parfois stocker ces cookies. Nous vous expliquerons \u00e9galement comment vous pouvez emp\u00eacher le stockage de ces cookies, mais cela pourrait d\u00e9grader ou \u00ab casser \u00bb certains \u00e9l\u00e9ments des fonctionnalit\u00e9s du site.<\/p>\n\n\n\n<h3 class=\"wp-block-heading\">Comment nous utilisons les cookies<\/h3>\n\n\n\n<p>Nous utilisons des cookies pour diverses raisons d\u00e9crites ci-dessous. Malheureusement, dans la plupart des cas, il n&#8217;existe pas d&#8217;options standard de l&#8217;industrie pour d\u00e9sactiver les cookies sans d\u00e9sactiver compl\u00e8tement les fonctionnalit\u00e9s et les fonctionnalit\u00e9s auxquelles ce site ajoute. Il est recommand\u00e9 de laisser tous les cookies si vous n&#8217;\u00eates pas s\u00fbr d&#8217;en avoir besoin ou non au cas o\u00f9 ils seraient utilis\u00e9s pour fournir un service que vous utilisez.<\/p>\n\n\n\n<h3 class=\"wp-block-heading\">D\u00e9sactiver les cookies<\/h3>\n\n\n\n<p>Vous pouvez emp\u00eacher l&#8217;installation de cookies en modifiant les param\u00e8tres de votre navigateur (consultez l&#8217;aide de votre navigateur pour savoir comment proc\u00e9der). Veuillez noter que la d\u00e9sactivation des cookies affectera la fonctionnalit\u00e9 de ce site et de nombreux autres sites Web que vous visitez. La d\u00e9sactivation des cookies signifie g\u00e9n\u00e9ralement \u00e9galement la d\u00e9sactivation de certaines fonctionnalit\u00e9s et caract\u00e9ristiques de ce site. Nous vous recommandons donc de ne pas d\u00e9sactiver les cookies.<\/p>\n\n\n\n<div style=\"height:50px\" aria-hidden=\"true\" class=\"wp-block-spacer\"><\/div>\n\n\n\n<h2 class=\"wp-block-heading\">Les cookies que nous d\u00e9finissons<\/h2>\n\n\n\n<div style=\"height:20px\" aria-hidden=\"true\" class=\"wp-block-spacer\"><\/div>\n\n\n\n<h3 class=\"wp-block-heading\">Cookies tiers<\/h3>\n\n\n\n<p>Ce site utilise Google Analytics, l&#8217;une des solutions d&#8217;analyse les plus populaires et les plus fiables sur le Web, pour nous aider \u00e0 comprendre comment vous utilisez le site et comment nous pouvons am\u00e9liorer votre exp\u00e9rience. Ces cookies peuvent suivre des \u00e9l\u00e9ments tels que le temps que vous passez sur le site et les pages que vous visitez afin que nous puissions continuer \u00e0 produire un contenu attrayant.<br>Pour plus d&#8217;informations sur les cookies Google Analytics, consultez la page officielle de Google Analytics.<\/p>\n","protected":false},"excerpt":{"rendered":"<p>Ceci est la politique en mati\u00e8re de cookies de\u00a0Scuola Sci Champoluc, accessible depuis\u00a0www.scuolascichampoluc.com Que sont les cookies Comme c&#8217;est une pratique courante sur presque tous les sites Web professionnels, ce site utilise des cookies, qui sont de petits fichiers t\u00e9l\u00e9charg\u00e9s sur votre ordinateur, pour am\u00e9liorer votre exp\u00e9rience. Cette page d\u00e9crit les informations qu&#8217;ils collectent, comment [&hellip;]<\/p>\n","protected":false},"author":1,"featured_media":0,"parent":0,"menu_order":0,"comment_status":"closed","ping_status":"closed","template":"","meta":{"_acf_changed":false,"footnotes":""},"class_list":["post-740","page","type-page","status-publish","hentry"],"acf":[],"_links":{"self":[{"href":"https:\/\/scuolascichampoluc.com\/fr\/wp-json\/wp\/v2\/pages\/740","targetHints":{"allow":["GET"]}}],"collection":[{"href":"https:\/\/scuolascichampoluc.com\/fr\/wp-json\/wp\/v2\/pages"}],"about":[{"href":"https:\/\/scuolascichampoluc.com\/fr\/wp-json\/wp\/v2\/types\/page"}],"author":[{"embeddable":true,"href":"https:\/\/scuolascichampoluc.com\/fr\/wp-json\/wp\/v2\/users\/1"}],"replies":[{"embeddable":true,"href":"https:\/\/scuolascichampoluc.com\/fr\/wp-json\/wp\/v2\/comments?post=740"}],"version-history":[{"count":1,"href":"https:\/\/scuolascichampoluc.com\/fr\/wp-json\/wp\/v2\/pages\/740\/revisions"}],"predecessor-version":[{"id":742,"href":"https:\/\/scuolascichampoluc.com\/fr\/wp-json\/wp\/v2\/pages\/740\/revisions\/742"}],"wp:attachment":[{"href":"https:\/\/scuolascichampoluc.com\/fr\/wp-json\/wp\/v2\/media?parent=740"}],"curies":[{"name":"wp","href":"https:\/\/api.w.org\/{rel}","templated":true}]}}